{"id":37,"date":"2024-03-07T13:05:55","date_gmt":"2024-03-07T13:05:55","guid":{"rendered":"https:\/\/soperfect.fr\/?page_id=37"},"modified":"2024-06-04T14:13:36","modified_gmt":"2024-06-04T14:13:36","slug":"so-perfect","status":"publish","type":"page","link":"https:\/\/soperfect.fr\/en\/","title":{"rendered":"So perfect"},"content":{"rendered":"<div data-elementor-type=\"wp-page\" data-elementor-id=\"37\" class=\"elementor elementor-37\">\n\t\t\t\t<div class=\"elementor-element elementor-element-cdfebee e-con-full fixed-hero elementor-hidden-mobile e-flex e-con e-parent\" data-id=\"cdfebee\" data-element_type=\"container\" data-e-type=\"container\" data-settings=\"{&quot;background_background&quot;:&quot;classic&quot;}\">\n\t\t\t\t<\/div>\n\t\t<div class=\"elementor-element elementor-element-1e56f92 e-con-full parallax e-flex e-con e-parent\" data-id=\"1e56f92\" data-element_type=\"container\" data-e-type=\"container\" id=\"agence\">\n\t\t<div class=\"elementor-element elementor-element-cc59b67 e-con-full e-flex e-con e-child\" data-id=\"cc59b67\" data-element_type=\"container\" data-e-type=\"container\" data-settings=\"{&quot;background_background&quot;:&quot;classic&quot;}\">\n\t\t\t\t<div class=\"elementor-element elementor-element-f03fe86 elementor-widget elementor-widget-image\" data-id=\"f03fe86\" data-element_type=\"widget\" data-e-type=\"widget\" data-widget_type=\"image.default\">\n\t\t\t\t<div class=\"elementor-widget-container\">\n\t\t\t\t\t\t\t\t\t\t\t\t\t\t\t<img decoding=\"async\" width=\"342\" height=\"120\" src=\"https:\/\/soperfect.fr\/wp-content\/uploads\/2024\/03\/Groupe-83.png\" class=\"attachment-large size-large wp-image-126\" alt=\"\" srcset=\"https:\/\/soperfect.fr\/wp-content\/uploads\/2024\/03\/Groupe-83.png 342w, https:\/\/soperfect.fr\/wp-content\/uploads\/2024\/03\/Groupe-83-300x105.png 300w\" sizes=\"(max-width: 342px) 100vw, 342px\" \/>\t\t\t\t\t\t\t\t\t\t\t\t\t\t\t<\/div>\n\t\t\t\t<\/div>\n\t\t\t\t<\/div>\n\t\t<div class=\"elementor-element elementor-element-d2e7ad3 e-con-full e-flex e-con e-child\" data-id=\"d2e7ad3\" data-element_type=\"container\" data-e-type=\"container\" data-settings=\"{&quot;background_background&quot;:&quot;classic&quot;}\">\n\t\t\t\t<div class=\"elementor-element elementor-element-3a2a841 elementor-widget elementor-widget-heading\" data-id=\"3a2a841\" data-element_type=\"widget\" data-e-type=\"widget\" data-widget_type=\"heading.default\">\n\t\t\t\t<div class=\"elementor-widget-container\">\n\t\t\t\t\t<h3 class=\"elementor-heading-title elementor-size-default\">YOUR<br>BRAND\u2019S <br>REFLECTION<\/h3>\t\t\t\t<\/div>\n\t\t\t\t<\/div>\n\t\t\t\t<div class=\"elementor-element elementor-element-39986d2 text-min elementor-widget elementor-widget-text-editor\" data-id=\"39986d2\" data-element_type=\"widget\" data-e-type=\"widget\" data-widget_type=\"text-editor.default\">\n\t\t\t\t<div class=\"elementor-widget-container\">\n\t\t\t\t\t\t\t\t\t<p>So Perfect imbues itself with the DNA of its clients to enhance their events. It makes them even more legitimate and even more unique by appropriating their brand image<\/p>\n<p>Ultra customization is at the heart of our model. We offer a memorable hospitality experience, imbued with the values of our partners: choice of dressing room, form of welcome, speech and missions. \nDuring the service, whether one-off or regular, the hosts and hostesses of So Perfect are the physical representation of what the companies wish to reveal. Through a bold and personalized style and impeccable quality of service, the So Perfect team makes itself smiling, involved and available to your customers.\nWe recruit varied profiles, but above all great personalities. Whether they are atypical or more discreet, we have the team that suits you.<\/p>\n<p>So Perfect is a reflection of your image<\/p>\t\t\t\t\t\t\t\t<\/div>\n\t\t\t\t<\/div>\n\t\t\t\t<\/div>\n\t\t<div class=\"elementor-element elementor-element-150333a e-con-full e-flex e-con e-child\" data-id=\"150333a\" data-element_type=\"container\" data-e-type=\"container\" data-settings=\"{&quot;background_background&quot;:&quot;classic&quot;}\">\n\t\t\t\t<\/div>\n\t\t\t\t<\/div>\n\t\t<div class=\"elementor-element elementor-element-7382408 e-flex e-con-boxed e-con e-parent\" data-id=\"7382408\" data-element_type=\"container\" data-e-type=\"container\" data-settings=\"{&quot;background_background&quot;:&quot;classic&quot;}\">\n\t\t\t\t\t<div class=\"e-con-inner\">\n\t\t<div class=\"elementor-element elementor-element-3440bf3 e-flex e-con-boxed e-con e-child\" data-id=\"3440bf3\" data-element_type=\"container\" data-e-type=\"container\">\n\t\t\t\t\t<div class=\"e-con-inner\">\n\t\t<div class=\"elementor-element elementor-element-b4131e0 e-flex e-con-boxed e-con e-child\" data-id=\"b4131e0\" data-element_type=\"container\" data-e-type=\"container\">\n\t\t\t\t\t<div class=\"e-con-inner\">\n\t\t\t\t<div class=\"elementor-element elementor-element-fe6a198 elementor-widget elementor-widget-heading\" data-id=\"fe6a198\" data-element_type=\"widget\" data-e-type=\"widget\" data-widget_type=\"heading.default\">\n\t\t\t\t<div class=\"elementor-widget-container\">\n\t\t\t\t\t<p class=\"elementor-heading-title elementor-size-default\">01<\/p>\t\t\t\t<\/div>\n\t\t\t\t<\/div>\n\t\t\t\t<div class=\"elementor-element elementor-element-b31f06a elementor-widget elementor-widget-heading\" data-id=\"b31f06a\" data-element_type=\"widget\" data-e-type=\"widget\" data-widget_type=\"heading.default\">\n\t\t\t\t<div class=\"elementor-widget-container\">\n\t\t\t\t\t<h3 class=\"elementor-heading-title elementor-size-default\">PERSONALISED STYLING<\/h3>\t\t\t\t<\/div>\n\t\t\t\t<\/div>\n\t\t\t\t\t<\/div>\n\t\t\t\t<\/div>\n\t\t\t\t<div class=\"elementor-element elementor-element-d28b9ad text-min elementor-widget elementor-widget-text-editor\" data-id=\"d28b9ad\" data-element_type=\"widget\" data-e-type=\"widget\" data-widget_type=\"text-editor.default\">\n\t\t\t\t<div class=\"elementor-widget-container\">\n\t\t\t\t\t\t\t\t\t<p>First impressions count! Your wardrobe must be carefully designed to reflect your unique elegance. Our dressing room service offers a variety of outfits to match your needs, ensuring impeccable presentation for your next corporate event or more glamorous occasions.<\/p>\t\t\t\t\t\t\t\t<\/div>\n\t\t\t\t<\/div>\n\t\t\t\t\t<\/div>\n\t\t\t\t<\/div>\n\t\t<div class=\"elementor-element elementor-element-7c96e51 e-flex e-con-boxed e-con e-child\" data-id=\"7c96e51\" data-element_type=\"container\" data-e-type=\"container\">\n\t\t\t\t\t<div class=\"e-con-inner\">\n\t\t<div class=\"elementor-element elementor-element-f5598c7 e-flex e-con-boxed e-con e-child\" data-id=\"f5598c7\" data-element_type=\"container\" data-e-type=\"container\">\n\t\t\t\t\t<div class=\"e-con-inner\">\n\t\t\t\t<div class=\"elementor-element elementor-element-bcd52e6 elementor-widget elementor-widget-heading\" data-id=\"bcd52e6\" data-element_type=\"widget\" data-e-type=\"widget\" data-widget_type=\"heading.default\">\n\t\t\t\t<div class=\"elementor-widget-container\">\n\t\t\t\t\t<p class=\"elementor-heading-title elementor-size-default\">02<\/p>\t\t\t\t<\/div>\n\t\t\t\t<\/div>\n\t\t\t\t<div class=\"elementor-element elementor-element-aecdb1c elementor-widget elementor-widget-heading\" data-id=\"aecdb1c\" data-element_type=\"widget\" data-e-type=\"widget\" data-widget_type=\"heading.default\">\n\t\t\t\t<div class=\"elementor-widget-container\">\n\t\t\t\t\t<h3 class=\"elementor-heading-title elementor-size-default\">targeted RECRUITMENT<\/h3>\t\t\t\t<\/div>\n\t\t\t\t<\/div>\n\t\t\t\t\t<\/div>\n\t\t\t\t<\/div>\n\t\t\t\t<div class=\"elementor-element elementor-element-53e0748 text-min elementor-widget elementor-widget-text-editor\" data-id=\"53e0748\" data-element_type=\"widget\" data-e-type=\"widget\" data-widget_type=\"text-editor.default\">\n\t\t\t\t<div class=\"elementor-widget-container\">\n\t\t\t\t\t\t\t\t\t<p>Our hosts are talented individuals who represent our vision and values. We select talents with specific skills in line with your requirements. Targeted recruitment ensures our diverse team is highly qualified and excels in all event contexts.<\/p>\t\t\t\t\t\t\t\t<\/div>\n\t\t\t\t<\/div>\n\t\t\t\t\t<\/div>\n\t\t\t\t<\/div>\n\t\t<div class=\"elementor-element elementor-element-7d7262d e-flex e-con-boxed e-con e-child\" data-id=\"7d7262d\" data-element_type=\"container\" data-e-type=\"container\">\n\t\t\t\t\t<div class=\"e-con-inner\">\n\t\t<div class=\"elementor-element elementor-element-5a9a9e2 e-flex e-con-boxed e-con e-child\" data-id=\"5a9a9e2\" data-element_type=\"container\" data-e-type=\"container\">\n\t\t\t\t\t<div class=\"e-con-inner\">\n\t\t\t\t<div class=\"elementor-element elementor-element-29795a1 elementor-widget elementor-widget-heading\" data-id=\"29795a1\" data-element_type=\"widget\" data-e-type=\"widget\" data-widget_type=\"heading.default\">\n\t\t\t\t<div class=\"elementor-widget-container\">\n\t\t\t\t\t<p class=\"elementor-heading-title elementor-size-default\">03<\/p>\t\t\t\t<\/div>\n\t\t\t\t<\/div>\n\t\t\t\t<div class=\"elementor-element elementor-element-f4d1590 elementor-widget elementor-widget-heading\" data-id=\"f4d1590\" data-element_type=\"widget\" data-e-type=\"widget\" data-widget_type=\"heading.default\">\n\t\t\t\t<div class=\"elementor-widget-container\">\n\t\t\t\t\t<h3 class=\"elementor-heading-title elementor-size-default\">TRAINING<\/h3>\t\t\t\t<\/div>\n\t\t\t\t<\/div>\n\t\t\t\t\t<\/div>\n\t\t\t\t<\/div>\n\t\t\t\t<div class=\"elementor-element elementor-element-1dc8298 text-min elementor-widget elementor-widget-text-editor\" data-id=\"1dc8298\" data-element_type=\"widget\" data-e-type=\"widget\" data-widget_type=\"text-editor.default\">\n\t\t\t\t<div class=\"elementor-widget-container\">\n\t\t\t\t\t\t\t\t\t<p>Each hostess is trained to tailor their service to you. They learn everything there is to   know about being a hostess, from make-up to walking in heels. They are curious and willing to learn, to develop and reach their full potential. We train our teams in the skills and risks for the profession.<\/p>\t\t\t\t\t\t\t\t<\/div>\n\t\t\t\t<\/div>\n\t\t\t\t\t<\/div>\n\t\t\t\t<\/div>\n\t\t<div class=\"elementor-element elementor-element-7b14c27 e-flex e-con-boxed e-con e-child\" data-id=\"7b14c27\" data-element_type=\"container\" data-e-type=\"container\">\n\t\t\t\t\t<div class=\"e-con-inner\">\n\t\t<div class=\"elementor-element elementor-element-63e79bb e-flex e-con-boxed e-con e-child\" data-id=\"63e79bb\" data-element_type=\"container\" data-e-type=\"container\">\n\t\t\t\t\t<div class=\"e-con-inner\">\n\t\t\t\t<div class=\"elementor-element elementor-element-c56409b elementor-widget elementor-widget-heading\" data-id=\"c56409b\" data-element_type=\"widget\" data-e-type=\"widget\" data-widget_type=\"heading.default\">\n\t\t\t\t<div class=\"elementor-widget-container\">\n\t\t\t\t\t<p class=\"elementor-heading-title elementor-size-default\">04<\/p>\t\t\t\t<\/div>\n\t\t\t\t<\/div>\n\t\t\t\t<div class=\"elementor-element elementor-element-b7abb62 elementor-widget elementor-widget-heading\" data-id=\"b7abb62\" data-element_type=\"widget\" data-e-type=\"widget\" data-widget_type=\"heading.default\">\n\t\t\t\t<div class=\"elementor-widget-container\">\n\t\t\t\t\t<h3 class=\"elementor-heading-title elementor-size-default\">csr ENGAGEMENT<\/h3>\t\t\t\t<\/div>\n\t\t\t\t<\/div>\n\t\t\t\t\t<\/div>\n\t\t\t\t<\/div>\n\t\t\t\t<div class=\"elementor-element elementor-element-b7bd2f8 text-min elementor-widget elementor-widget-text-editor\" data-id=\"b7bd2f8\" data-element_type=\"widget\" data-e-type=\"widget\" data-widget_type=\"text-editor.default\">\n\t\t\t\t<div class=\"elementor-widget-container\">\n\t\t\t\t\t\t\t\t\t<p>CSR is a top priority for So Perfect. We encourage sustainable mobility by promoting carpooling and public transport to reduce the ecological footprint of our services. Our commitment to diversity is reflected in our teams. We also volunteer to support programs for associations.<\/p>\t\t\t\t\t\t\t\t<\/div>\n\t\t\t\t<\/div>\n\t\t\t\t\t<\/div>\n\t\t\t\t<\/div>\n\t\t\t\t\t<\/div>\n\t\t\t\t<\/div>\n\t\t<div class=\"elementor-element elementor-element-bb5312b e-con-full e-flex e-con e-parent\" data-id=\"bb5312b\" data-element_type=\"container\" data-e-type=\"container\" data-settings=\"{&quot;background_background&quot;:&quot;classic&quot;}\">\n\t\t\t\t<div class=\"elementor-element elementor-element-8ab94ab elementor-widget elementor-widget-heading\" data-id=\"8ab94ab\" data-element_type=\"widget\" data-e-type=\"widget\" data-widget_type=\"heading.default\">\n\t\t\t\t<div class=\"elementor-widget-container\">\n\t\t\t\t\t<h2 class=\"elementor-heading-title elementor-size-default\">News<\/h2>\t\t\t\t<\/div>\n\t\t\t\t<\/div>\n\t\t\t\t<div class=\"elementor-element elementor-element-21f6545 elementor-widget elementor-widget-button\" data-id=\"21f6545\" data-element_type=\"widget\" data-e-type=\"widget\" data-widget_type=\"button.default\">\n\t\t\t\t<div class=\"elementor-widget-container\">\n\t\t\t\t\t\t\t\t\t<div class=\"elementor-button-wrapper\">\n\t\t\t\t\t<a class=\"elementor-button elementor-button-link elementor-size-sm\" href=\"https:\/\/soperfect.fr\/nos-actus\/\">\n\t\t\t\t\t\t<span class=\"elementor-button-content-wrapper\">\n\t\t\t\t\t\t\t\t\t<span class=\"elementor-button-text\">SEE ALL<\/span>\n\t\t\t\t\t<\/span>\n\t\t\t\t\t<\/a>\n\t\t\t\t<\/div>\n\t\t\t\t\t\t\t\t<\/div>\n\t\t\t\t<\/div>\n\t\t\t\t<div class=\"elementor-element elementor-element-c88afe3 elementor-widget elementor-widget-shortcode\" data-id=\"c88afe3\" data-element_type=\"widget\" data-e-type=\"widget\" data-widget_type=\"shortcode.default\">\n\t\t\t\t<div class=\"elementor-widget-container\">\n\t\t\t\t\t\t\t<div class=\"elementor-shortcode\"><\/div>\n\t\t\t\t\t\t<\/div>\n\t\t\t\t<\/div>\n\t\t\t\t<\/div>\n\t\t\t\t<\/div>","protected":false},"excerpt":{"rendered":"<p>YOURBRAND\u2019S REFLECTION So Perfect s\u2019impr\u00e8gne de l\u2019adn de ses clients pour sublimer leurs \u00e9v\u00e9nements. Elle les rend encore plus l\u00e9gitimes et encore plus singuliers en s\u2019appropriant leur image de marque. L\u2019ultra personnalisation est au coeur de notre mode\u0300le. Nous proposons une expe\u0301rience d\u2019ho\u0302tessariat me\u0301morable, empreinte des valeurs de nos partenaires : choix du dressing, de [&hellip;]<\/p>\n","protected":false},"author":1,"featured_media":0,"parent":0,"menu_order":0,"comment_status":"closed","ping_status":"closed","template":"","meta":{"_acf_changed":false,"_crdt_document":"","footnotes":""},"class_list":["post-37","page","type-page","status-publish","hentry"],"acf":[],"yoast_head":"<!-- This site is optimized with the Yoast SEO plugin v27.1.1 - https:\/\/yoast.com\/product\/yoast-seo-wordpress\/ -->\n<title>So perfect - So perfect - Perfect Model<\/title>\n<meta name=\"robots\" content=\"index, follow, max-snippet:-1, max-image-preview:large, max-video-preview:-1\" \/>\n<link rel=\"canonical\" href=\"https:\/\/soperfect.fr\/en\/\" \/>\n<meta property=\"og:locale\" content=\"en_GB\" \/>\n<meta property=\"og:type\" content=\"article\" \/>\n<meta property=\"og:title\" content=\"So perfect - So perfect - Perfect Model\" \/>\n<meta property=\"og:description\" content=\"YOURBRAND\u2019S REFLECTION So Perfect s\u2019impr\u00e8gne de l\u2019adn de ses clients pour sublimer leurs \u00e9v\u00e9nements. Elle les rend encore plus l\u00e9gitimes et encore plus singuliers en s\u2019appropriant leur image de marque. L\u2019ultra personnalisation est au coeur de notre mode\u0300le. Nous proposons une expe\u0301rience d\u2019ho\u0302tessariat me\u0301morable, empreinte des valeurs de nos partenaires : choix du dressing, de [&hellip;]\" \/>\n<meta property=\"og:url\" content=\"https:\/\/soperfect.fr\/en\/\" \/>\n<meta property=\"og:site_name\" content=\"So perfect - Perfect Model\" \/>\n<meta property=\"article:modified_time\" content=\"2024-06-04T14:13:36+00:00\" \/>\n<meta property=\"og:image\" content=\"https:\/\/soperfect.fr\/wp-content\/uploads\/2024\/03\/Groupe-83.png\" \/>\n<meta name=\"twitter:card\" content=\"summary_large_image\" \/>\n<meta name=\"twitter:label1\" content=\"Estimated reading time\" \/>\n\t<meta name=\"twitter:data1\" content=\"3 minutes\" \/>\n<script type=\"application\/ld+json\" class=\"yoast-schema-graph\">{\"@context\":\"https:\/\/schema.org\",\"@graph\":[{\"@type\":\"WebPage\",\"@id\":\"https:\/\/soperfect.fr\/\",\"url\":\"https:\/\/soperfect.fr\/\",\"name\":\"So perfect - So perfect - Perfect Model\",\"isPartOf\":{\"@id\":\"https:\/\/soperfect.fr\/#website\"},\"primaryImageOfPage\":{\"@id\":\"https:\/\/soperfect.fr\/#primaryimage\"},\"image\":{\"@id\":\"https:\/\/soperfect.fr\/#primaryimage\"},\"thumbnailUrl\":\"https:\/\/soperfect.fr\/wp-content\/uploads\/2024\/03\/Groupe-83.png\",\"datePublished\":\"2024-03-07T13:05:55+00:00\",\"dateModified\":\"2024-06-04T14:13:36+00:00\",\"breadcrumb\":{\"@id\":\"https:\/\/soperfect.fr\/#breadcrumb\"},\"inLanguage\":\"en-GB\",\"potentialAction\":[{\"@type\":\"ReadAction\",\"target\":[\"https:\/\/soperfect.fr\/\"]}]},{\"@type\":\"ImageObject\",\"inLanguage\":\"en-GB\",\"@id\":\"https:\/\/soperfect.fr\/#primaryimage\",\"url\":\"https:\/\/soperfect.fr\/wp-content\/uploads\/2024\/03\/Groupe-83.png\",\"contentUrl\":\"https:\/\/soperfect.fr\/wp-content\/uploads\/2024\/03\/Groupe-83.png\"},{\"@type\":\"BreadcrumbList\",\"@id\":\"https:\/\/soperfect.fr\/#breadcrumb\",\"itemListElement\":[{\"@type\":\"ListItem\",\"position\":1,\"name\":\"Accueil\",\"item\":\"https:\/\/soperfect.fr\/\"},{\"@type\":\"ListItem\",\"position\":2,\"name\":\"So perfect\"}]},{\"@type\":\"WebSite\",\"@id\":\"https:\/\/soperfect.fr\/#website\",\"url\":\"https:\/\/soperfect.fr\/\",\"name\":\"So perfect - Perfect Model\",\"description\":\"\",\"publisher\":{\"@id\":\"https:\/\/soperfect.fr\/#organization\"},\"potentialAction\":[{\"@type\":\"SearchAction\",\"target\":{\"@type\":\"EntryPoint\",\"urlTemplate\":\"https:\/\/soperfect.fr\/?s={search_term_string}\"},\"query-input\":{\"@type\":\"PropertyValueSpecification\",\"valueRequired\":true,\"valueName\":\"search_term_string\"}}],\"inLanguage\":\"en-GB\"},{\"@type\":\"Organization\",\"@id\":\"https:\/\/soperfect.fr\/#organization\",\"name\":\"So perfect - Perfect Model\",\"url\":\"https:\/\/soperfect.fr\/\",\"logo\":{\"@type\":\"ImageObject\",\"inLanguage\":\"en-GB\",\"@id\":\"https:\/\/soperfect.fr\/#\/schema\/logo\/image\/\",\"url\":\"https:\/\/soperfect.fr\/wp-content\/uploads\/2024\/04\/logo.svg\",\"contentUrl\":\"https:\/\/soperfect.fr\/wp-content\/uploads\/2024\/04\/logo.svg\",\"width\":302,\"height\":73,\"caption\":\"So perfect - Perfect Model\"},\"image\":{\"@id\":\"https:\/\/soperfect.fr\/#\/schema\/logo\/image\/\"},\"sameAs\":[\"https:\/\/www.instagram.com\/perfectmodelofficiel\/\"]}]}<\/script>\n<!-- \/ Yoast SEO plugin. -->","yoast_head_json":{"title":"So perfect - So perfect - Perfect Model","robots":{"index":"index","follow":"follow","max-snippet":"max-snippet:-1","max-image-preview":"max-image-preview:large","max-video-preview":"max-video-preview:-1"},"canonical":"https:\/\/soperfect.fr\/en\/","og_locale":"en_GB","og_type":"article","og_title":"So perfect - So perfect - Perfect Model","og_description":"YOURBRAND\u2019S REFLECTION So Perfect s\u2019impr\u00e8gne de l\u2019adn de ses clients pour sublimer leurs \u00e9v\u00e9nements. Elle les rend encore plus l\u00e9gitimes et encore plus singuliers en s\u2019appropriant leur image de marque. L\u2019ultra personnalisation est au coeur de notre mode\u0300le. Nous proposons une expe\u0301rience d\u2019ho\u0302tessariat me\u0301morable, empreinte des valeurs de nos partenaires : choix du dressing, de [&hellip;]","og_url":"https:\/\/soperfect.fr\/en\/","og_site_name":"So perfect - Perfect Model","article_modified_time":"2024-06-04T14:13:36+00:00","og_image":[{"url":"https:\/\/soperfect.fr\/wp-content\/uploads\/2024\/03\/Groupe-83.png","type":"","width":"","height":""}],"twitter_card":"summary_large_image","twitter_misc":{"Estimated reading time":"3 minutes"},"schema":{"@context":"https:\/\/schema.org","@graph":[{"@type":"WebPage","@id":"https:\/\/soperfect.fr\/","url":"https:\/\/soperfect.fr\/","name":"So perfect - So perfect - Perfect Model","isPartOf":{"@id":"https:\/\/soperfect.fr\/#website"},"primaryImageOfPage":{"@id":"https:\/\/soperfect.fr\/#primaryimage"},"image":{"@id":"https:\/\/soperfect.fr\/#primaryimage"},"thumbnailUrl":"https:\/\/soperfect.fr\/wp-content\/uploads\/2024\/03\/Groupe-83.png","datePublished":"2024-03-07T13:05:55+00:00","dateModified":"2024-06-04T14:13:36+00:00","breadcrumb":{"@id":"https:\/\/soperfect.fr\/#breadcrumb"},"inLanguage":"en-GB","potentialAction":[{"@type":"ReadAction","target":["https:\/\/soperfect.fr\/"]}]},{"@type":"ImageObject","inLanguage":"en-GB","@id":"https:\/\/soperfect.fr\/#primaryimage","url":"https:\/\/soperfect.fr\/wp-content\/uploads\/2024\/03\/Groupe-83.png","contentUrl":"https:\/\/soperfect.fr\/wp-content\/uploads\/2024\/03\/Groupe-83.png"},{"@type":"BreadcrumbList","@id":"https:\/\/soperfect.fr\/#breadcrumb","itemListElement":[{"@type":"ListItem","position":1,"name":"Accueil","item":"https:\/\/soperfect.fr\/"},{"@type":"ListItem","position":2,"name":"So perfect"}]},{"@type":"WebSite","@id":"https:\/\/soperfect.fr\/#website","url":"https:\/\/soperfect.fr\/","name":"So perfect - Perfect Model","description":"","publisher":{"@id":"https:\/\/soperfect.fr\/#organization"},"potentialAction":[{"@type":"SearchAction","target":{"@type":"EntryPoint","urlTemplate":"https:\/\/soperfect.fr\/?s={search_term_string}"},"query-input":{"@type":"PropertyValueSpecification","valueRequired":true,"valueName":"search_term_string"}}],"inLanguage":"en-GB"},{"@type":"Organization","@id":"https:\/\/soperfect.fr\/#organization","name":"So perfect - Perfect Model","url":"https:\/\/soperfect.fr\/","logo":{"@type":"ImageObject","inLanguage":"en-GB","@id":"https:\/\/soperfect.fr\/#\/schema\/logo\/image\/","url":"https:\/\/soperfect.fr\/wp-content\/uploads\/2024\/04\/logo.svg","contentUrl":"https:\/\/soperfect.fr\/wp-content\/uploads\/2024\/04\/logo.svg","width":302,"height":73,"caption":"So perfect - Perfect Model"},"image":{"@id":"https:\/\/soperfect.fr\/#\/schema\/logo\/image\/"},"sameAs":["https:\/\/www.instagram.com\/perfectmodelofficiel\/"]}]}},"_links":{"self":[{"href":"https:\/\/soperfect.fr\/en\/wp-json\/wp\/v2\/pages\/37","targetHints":{"allow":["GET"]}}],"collection":[{"href":"https:\/\/soperfect.fr\/en\/wp-json\/wp\/v2\/pages"}],"about":[{"href":"https:\/\/soperfect.fr\/en\/wp-json\/wp\/v2\/types\/page"}],"author":[{"embeddable":true,"href":"https:\/\/soperfect.fr\/en\/wp-json\/wp\/v2\/users\/1"}],"replies":[{"embeddable":true,"href":"https:\/\/soperfect.fr\/en\/wp-json\/wp\/v2\/comments?post=37"}],"version-history":[{"count":361,"href":"https:\/\/soperfect.fr\/en\/wp-json\/wp\/v2\/pages\/37\/revisions"}],"predecessor-version":[{"id":1074,"href":"https:\/\/soperfect.fr\/en\/wp-json\/wp\/v2\/pages\/37\/revisions\/1074"}],"wp:attachment":[{"href":"https:\/\/soperfect.fr\/en\/wp-json\/wp\/v2\/media?parent=37"}],"curies":[{"name":"wp","href":"https:\/\/api.w.org\/{rel}","templated":true}]}}