{"id":828,"date":"2024-04-10T13:37:23","date_gmt":"2024-04-10T13:37:23","guid":{"rendered":"https:\/\/soperfect.fr\/?page_id=828"},"modified":"2025-07-07T16:09:26","modified_gmt":"2025-07-07T16:09:26","slug":"mentions-legales","status":"publish","type":"page","link":"https:\/\/soperfect.fr\/en\/mentions-legales\/","title":{"rendered":"Mentions l\u00e9gales"},"content":{"rendered":"<div data-elementor-type=\"wp-page\" data-elementor-id=\"828\" class=\"elementor elementor-828\">\n\t\t\t\t<div class=\"elementor-element elementor-element-eecbabf e-flex e-con-boxed e-con e-parent\" data-id=\"eecbabf\" data-element_type=\"container\" data-e-type=\"container\">\n\t\t\t\t\t<div class=\"e-con-inner\">\n\t\t\t\t<div class=\"elementor-element elementor-element-4a9c43f elementor-widget elementor-widget-text-editor\" data-id=\"4a9c43f\" data-element_type=\"widget\" data-e-type=\"widget\" data-widget_type=\"text-editor.default\">\n\t\t\t\t<div class=\"elementor-widget-container\">\n\t\t\t\t\t\t\t\t\t<div class=\"elementor-element elementor-element-ac88b43 e-flex e-con-boxed e-con e-parent\" data-id=\"ac88b43\" data-element_type=\"container\" data-core-v316-plus=\"true\"><div class=\"e-con-inner\"><div class=\"elementor-element elementor-element-69bc739 elementor-widget elementor-widget-heading\" data-id=\"69bc739\" data-element_type=\"widget\" data-widget_type=\"heading.default\"><div class=\"elementor-widget-container\"><h2 class=\"elementor-heading-title elementor-size-default\">Informations l\u00e9gales<\/h2><\/div><\/div><\/div><\/div><div class=\"elementor-element elementor-element-3088c5d e-flex e-con-boxed e-con e-parent\" data-id=\"3088c5d\" data-element_type=\"container\" data-core-v316-plus=\"true\"><div class=\"e-con-inner\"><div class=\"elementor-element elementor-element-2c4443e elementor-widget elementor-widget-heading\" data-id=\"2c4443e\" data-element_type=\"widget\" data-widget_type=\"heading.default\"><div class=\"elementor-widget-container\"><h3 class=\"elementor-heading-title elementor-size-default\">\u00c9diteur<\/h3><\/div><\/div><div class=\"elementor-element elementor-element-13b06b5 elementor-widget elementor-widget-text-editor\" data-id=\"13b06b5\" data-element_type=\"widget\" data-widget_type=\"text-editor.default\"><div class=\"elementor-widget-container\"><p>Le site web<strong> soperfect.fr<\/strong> ci-apr\u00e8s d\u00e9sign\u00e9 comme \u00ab le Site \u00bb est \u00e9dit\u00e9 par la soci\u00e9t\u00e9 So Perfect ci-apr\u00e8s d\u00e9sign\u00e9e comme \u00ab la Soci\u00e9t\u00e9 \u00bb<\/p><p>dont le si\u00e8ge est situ\u00e9 au\u00a0<i>51 boulevard de la Libert\u00e9 59000 LILLE<\/i><\/p><p>RCS : Lille M\u00e9tropole B 809 507 122<i><\/i><\/p><\/div><\/div><div class=\"elementor-element elementor-element-c70161f elementor-widget elementor-widget-spacer\" data-id=\"c70161f\" data-element_type=\"widget\" data-widget_type=\"spacer.default\"><div class=\"elementor-widget-container\"><div class=\"elementor-spacer\"><div class=\"elementor-spacer-inner\">\u00a0<\/div><\/div><\/div><\/div><\/div><\/div><div class=\"elementor-element elementor-element-396d4ee e-flex e-con-boxed e-con e-parent\" data-id=\"396d4ee\" data-element_type=\"container\" data-core-v316-plus=\"true\"><div class=\"e-con-inner\"><div class=\"elementor-element elementor-element-a96b581 elementor-widget elementor-widget-heading\" data-id=\"a96b581\" data-element_type=\"widget\" data-widget_type=\"heading.default\"><div class=\"elementor-widget-container\"><h3 class=\"elementor-heading-title elementor-size-default\">Directeur de publication<\/h3><\/div><\/div><div class=\"elementor-element elementor-element-2f55157 elementor-widget elementor-widget-text-editor\" data-id=\"2f55157\" data-element_type=\"widget\" data-widget_type=\"text-editor.default\"><div class=\"elementor-widget-container\"><p>Directeur de la publication :\u00a0<em>JOLY Laetitia<b><br \/><\/b><\/em>Responsable de la r\u00e9daction du Site :\u00a0<em>JOLY Laetitia<\/em><\/p><\/div><\/div><div class=\"elementor-element elementor-element-8de27c1 elementor-widget elementor-widget-spacer\" data-id=\"8de27c1\" data-element_type=\"widget\" data-widget_type=\"spacer.default\"><div class=\"elementor-widget-container\"><div class=\"elementor-spacer\"><div class=\"elementor-spacer-inner\">\u00a0<\/div><\/div><\/div><\/div><\/div><\/div><div class=\"elementor-element elementor-element-b0a0851 e-flex e-con-boxed e-con e-parent\" data-id=\"b0a0851\" data-element_type=\"container\" data-core-v316-plus=\"true\"><div class=\"e-con-inner\"><div class=\"elementor-element elementor-element-7a88aa9 elementor-widget elementor-widget-heading\" data-id=\"7a88aa9\" data-element_type=\"widget\" data-widget_type=\"heading.default\"><div class=\"elementor-widget-container\"><h3 class=\"elementor-heading-title elementor-size-default\">Cr\u00e9dits<\/h3><\/div><\/div><div class=\"elementor-element elementor-element-111de5b elementor-widget elementor-widget-text-editor\" data-id=\"111de5b\" data-element_type=\"widget\" data-widget_type=\"text-editor.default\"><div class=\"elementor-widget-container\"><p>Cr\u00e9ation site : <a href=\"https:\/\/bureaubarbara.com\/\"><em>STUDIO BARBARA<\/em><\/a> &#8211; <i><a href=\"https:\/\/pragmea.fr\">Pragmea<\/a><\/i><i><b><br \/><\/b><\/i>Photos :\u00a0<i>So Perfect<\/i><\/p><\/div><\/div><div class=\"elementor-element elementor-element-3f639ca elementor-widget elementor-widget-spacer\" data-id=\"3f639ca\" data-element_type=\"widget\" data-widget_type=\"spacer.default\"><div class=\"elementor-widget-container\"><div class=\"elementor-spacer\"><div class=\"elementor-spacer-inner\">\u00a0<\/div><\/div><\/div><\/div><\/div><\/div><div class=\"elementor-element elementor-element-071909e e-flex e-con-boxed e-con e-parent\" data-id=\"071909e\" data-element_type=\"container\" data-core-v316-plus=\"true\"><div class=\"e-con-inner\"><div class=\"elementor-element elementor-element-5c10b34 elementor-widget elementor-widget-heading\" data-id=\"5c10b34\" data-element_type=\"widget\" data-widget_type=\"heading.default\"><div class=\"elementor-widget-container\"><h3 class=\"elementor-heading-title elementor-size-default\">H\u00e9bergement<\/h3><\/div><\/div><div class=\"elementor-element elementor-element-41a2903 elementor-widget elementor-widget-text-editor\" data-id=\"41a2903\" data-element_type=\"widget\" data-widget_type=\"text-editor.default\"><div class=\"elementor-widget-container\"><p>H\u00e9bergeur :\u00a0<i>OVH<b><br \/><\/b><\/i>D\u00e9nomination Sociale :\u00a0<i>OVH Cloud<b><br \/><\/b><\/i>Adresse : \u00a0<em>OVH SAS 2 rue<\/em><em>\u00a0Kellermann \u2013 59100 Roubaix \u2013 France<\/em><\/p><\/div><\/div><div class=\"elementor-element elementor-element-660a92f elementor-widget elementor-widget-spacer\" data-id=\"660a92f\" data-element_type=\"widget\" data-widget_type=\"spacer.default\"><div class=\"elementor-widget-container\"><div class=\"elementor-spacer\"><div class=\"elementor-spacer-inner\">\u00a0<\/div><\/div><\/div><\/div><\/div><\/div><div class=\"elementor-element elementor-element-6cb0403 e-flex e-con-boxed e-con e-parent\" data-id=\"6cb0403\" data-element_type=\"container\" data-core-v316-plus=\"true\"><div class=\"e-con-inner\"><div class=\"elementor-element elementor-element-a018d89 elementor-widget elementor-widget-heading\" data-id=\"a018d89\" data-element_type=\"widget\" data-widget_type=\"heading.default\"><div class=\"elementor-widget-container\"><h2 class=\"elementor-heading-title elementor-size-default\">Donn\u00e9es personnelles<\/h2><\/div><\/div><\/div><\/div><div class=\"elementor-element elementor-element-6bf9c61 e-flex e-con-boxed e-con e-parent\" data-id=\"6bf9c61\" data-element_type=\"container\" data-core-v316-plus=\"true\"><div class=\"e-con-inner\"><div class=\"elementor-element elementor-element-0f9437e elementor-widget elementor-widget-heading\" data-id=\"0f9437e\" data-element_type=\"widget\" data-widget_type=\"heading.default\"><div class=\"elementor-widget-container\"><h3 class=\"elementor-heading-title elementor-size-default\">Avertissement concernant les donn\u00e9es disponibles sur le site<\/h3><\/div><\/div><div class=\"elementor-element elementor-element-23b7b02 elementor-widget elementor-widget-text-editor\" data-id=\"23b7b02\" data-element_type=\"widget\" data-widget_type=\"text-editor.default\"><div class=\"elementor-widget-container\"><p>La Soci\u00e9t\u00e9\u00a0s\u2019efforce d\u2019assurer au mieux de ses possibilit\u00e9s, l\u2019exactitude et la mise \u00e0 jour des informations diffus\u00e9es sur le Site, dont il se r\u00e9serve le droit de corriger, \u00e0 tout moment et sans pr\u00e9avis, le contenu.<\/p><p>Toutefois,\u00a0la Soci\u00e9t\u00e9\u00a0ne peut garantir l\u2019exactitude, la pr\u00e9cision ou l\u2019exhaustivit\u00e9 des informations mises \u00e0 la disposition sur ce site. Aussi,\u00a0La Soci\u00e9t\u00e9\u00a0 d\u00e9cline toute responsabilit\u00e9 :<\/p><ul><li aria-level=\"1\">Pour toute interruption du site<\/li><li aria-level=\"1\">Survenance de bogues<\/li><li aria-level=\"1\">Pour toute inexactitude ou omission portant sur des informations disponibles sur le site<\/li><li aria-level=\"1\">Pour tous dommages r\u00e9sultant d\u2019une intrusion frauduleuse d\u2019un tiers ayant entra\u00een\u00e9 une modification des informations mises \u00e0 la disposition sur le site et plus g\u00e9n\u00e9ralement de tout dommage direct et indirect, quelles qu\u2019en soient les causes, origines, natures ou cons\u00e9quences en ce y compris notamment les co\u00fbts pouvant survenir du fait de l\u2019acquisition de biens propos\u00e9s sur le site, les pertes de profits, de client\u00e8le, de donn\u00e9es ou tout autre perte de biens incorporels pouvant survenir \u00e0 raison de l\u2019acc\u00e8s de quiconque au site ou de l\u2019impossibilit\u00e9 d\u2019y acc\u00e9der ou du cr\u00e9dit accord\u00e9 \u00e0 une quelconque information provenant directement ou indirectement de ce dernier.<\/li><\/ul><\/div><\/div><div class=\"elementor-element elementor-element-8c70a3e elementor-widget elementor-widget-spacer\" data-id=\"8c70a3e\" data-element_type=\"widget\" data-widget_type=\"spacer.default\"><div class=\"elementor-widget-container\"><div class=\"elementor-spacer\"><div class=\"elementor-spacer-inner\">\u00a0<\/div><\/div><\/div><\/div><\/div><\/div><div class=\"elementor-element elementor-element-6e992b1 e-flex e-con-boxed e-con e-parent\" data-id=\"6e992b1\" data-element_type=\"container\" data-core-v316-plus=\"true\"><div class=\"e-con-inner\"><div class=\"elementor-element elementor-element-2c9b82a elementor-widget elementor-widget-heading\" data-id=\"2c9b82a\" data-element_type=\"widget\" data-widget_type=\"heading.default\"><div class=\"elementor-widget-container\"><h3 class=\"elementor-heading-title elementor-size-default\">Confidentialit\u00e9 des donn\u00e9es<\/h3><\/div><\/div><div class=\"elementor-element elementor-element-9dd6f1b elementor-widget elementor-widget-text-editor\" data-id=\"9dd6f1b\" data-element_type=\"widget\" data-widget_type=\"text-editor.default\"><div class=\"elementor-widget-container\"><p>Des donn\u00e9es personnelles peuvent \u00eatre collect\u00e9es depuis le Site ; elles sont exclusivement destin\u00e9es \u00e0\u00a0la Soci\u00e9t\u00e9\u00a0et ne sont jamais communiqu\u00e9es \u00e0 des tiers.<\/p><p>Celles-ci r\u00e9sultent de la communication volontaire d\u2019informations par le biais de formulaires pr\u00e9sents dans diff\u00e9rentes rubriques du site ou via des messages \u00e9lectroniques envoy\u00e9s \u00e0\u00a0la Soci\u00e9t\u00e9.<\/p><p>Dans le cadre du RGPD et conform\u00e9ment \u00e0 la Loi Informatique et libert\u00e9s modifi\u00e9e, vous disposez d\u2019un droit d\u2019acc\u00e8s, de rectification, d\u2019effacement, d\u2019opposition au traitement des donn\u00e9es personnelles vous concernant.<\/p><p>Pour exercer ce droit, adressez-nous un courrier \u00e0 l\u2019adresse :\u00a0<strong><em>hello@soperfect.fr<\/em><\/strong><\/p><\/div><\/div><div class=\"elementor-element elementor-element-202d372 elementor-widget elementor-widget-spacer\" data-id=\"202d372\" data-element_type=\"widget\" data-widget_type=\"spacer.default\"><div class=\"elementor-widget-container\"><div class=\"elementor-spacer\"><div class=\"elementor-spacer-inner\">\u00a0<\/div><\/div><\/div><\/div><\/div><\/div><div class=\"elementor-element elementor-element-bbc200e e-flex e-con-boxed e-con e-parent\" data-id=\"bbc200e\" data-element_type=\"container\" data-core-v316-plus=\"true\"><div class=\"e-con-inner\"><div class=\"elementor-element elementor-element-c833fe9 elementor-widget elementor-widget-heading\" data-id=\"c833fe9\" data-element_type=\"widget\" data-widget_type=\"heading.default\"><div class=\"elementor-widget-container\"><h2 class=\"elementor-heading-title elementor-size-default\">Droit applicable et modalit\u00e9s de recours<\/h2><\/div><\/div><div class=\"elementor-element elementor-element-4c4a419 elementor-widget elementor-widget-text-editor\" data-id=\"4c4a419\" data-element_type=\"widget\" data-widget_type=\"text-editor.default\"><div class=\"elementor-widget-container\"><p>Les pr\u00e9sentes Mentions L\u00e9gales sont r\u00e9gies par la loi fran\u00e7aise. En cas de diff\u00e9rend et \u00e0 d\u00e9faut d\u2019accord amiable, le litige sera port\u00e9 devant les tribunaux fran\u00e7ais conform\u00e9ment aux r\u00e8gles de comp\u00e9tence en vigueur.<\/p><\/div><\/div><div class=\"elementor-element elementor-element-6014a22 elementor-widget elementor-widget-spacer\" data-id=\"6014a22\" data-element_type=\"widget\" data-widget_type=\"spacer.default\"><div class=\"elementor-widget-container\"><div class=\"elementor-spacer\"><div class=\"elementor-spacer-inner\">\u00a0<\/div><\/div><\/div><\/div><\/div><\/div><div class=\"elementor-element elementor-element-7be3ab7 e-flex e-con-boxed e-con e-parent\" data-id=\"7be3ab7\" data-element_type=\"container\" data-core-v316-plus=\"true\"><div class=\"e-con-inner\"><div class=\"elementor-element elementor-element-c1d512c elementor-widget elementor-widget-heading\" data-id=\"c1d512c\" data-element_type=\"widget\" data-widget_type=\"heading.default\"><div class=\"elementor-widget-container\"><h2 class=\"elementor-heading-title elementor-size-default\">Propri\u00e9t\u00e9 intellectuelle et contrefa\u00e7ons<\/h2><\/div><\/div><div class=\"elementor-element elementor-element-69adefa elementor-widget elementor-widget-text-editor\" data-id=\"69adefa\" data-element_type=\"widget\" data-widget_type=\"text-editor.default\"><div class=\"elementor-widget-container\"><p>La Soci\u00e9t\u00e9 est propri\u00e9taire des droits de propri\u00e9t\u00e9 intellectuelle ou d\u00e9tient les droits d\u2019usage sur tous les \u00e9l\u00e9ments accessibles sur le site, notamment les textes, images, graphismes, logo, ic\u00f4nes, sons, logiciels. Toute reproduction, repr\u00e9sentation, modification, publication, adaptation de tout ou partie des \u00e9l\u00e9ments pr\u00e9sents sur\u00a0le Site, quel que soit le moyen ou le proc\u00e9d\u00e9 utilis\u00e9, est interdite, sauf autorisation \u00e9crite pr\u00e9alable de la Soci\u00e9t\u00e9. Toute exploitation non autoris\u00e9e ou de l\u2019un quelconque des \u00e9l\u00e9ments que contient\u00a0le Site\u00a0sera consid\u00e9r\u00e9e comme constitutive d\u2019une contrefa\u00e7on et poursuivie conform\u00e9ment aux dispositions des articles L.335-2 et suivants du Code de Propri\u00e9t\u00e9 Intellectuelle.<\/p><\/div><\/div><div class=\"elementor-element elementor-element-e664509 elementor-widget elementor-widget-spacer\" data-id=\"e664509\" data-element_type=\"widget\" data-widget_type=\"spacer.default\"><div class=\"elementor-widget-container\"><div class=\"elementor-spacer\"><div class=\"elementor-spacer-inner\">\u00a0<\/div><\/div><\/div><\/div><\/div><\/div><div class=\"elementor-element elementor-element-3be4712 e-flex e-con-boxed e-con e-parent\" data-id=\"3be4712\" data-element_type=\"container\" data-core-v316-plus=\"true\"><div class=\"e-con-inner\"><div class=\"elementor-element elementor-element-00de492 elementor-widget elementor-widget-heading\" data-id=\"00de492\" data-element_type=\"widget\" data-widget_type=\"heading.default\"><div class=\"elementor-widget-container\"><h2 class=\"elementor-heading-title elementor-size-default\">Pertinence des contenus<\/h2><\/div><\/div><div class=\"elementor-element elementor-element-dba053c elementor-widget elementor-widget-text-editor\" data-id=\"dba053c\" data-element_type=\"widget\" data-widget_type=\"text-editor.default\"><div class=\"elementor-widget-container\"><p>Si vous constatez la pr\u00e9sence de contenus inexacts ou susceptibles de porter atteinte aux droits d\u2019un tiers ou violant selon vous une disposition r\u00e9glementaire ou l\u00e9gislative, merci de nous la signaler en \u00e9crivant \u00e0 email. Aussi, le Site contient un certain nombre de liens vers d\u2019autres sites \u00e9dit\u00e9s et g\u00e9r\u00e9s par des tiers. La Soci\u00e9t\u00e9 ne pourra \u00eatre tenue responsable directement ou indirectement dans le cas o\u00f9 lesdits sites tiers ne respecteraient pas les dispositions l\u00e9gales. La cr\u00e9ation de liens hypertexte vers le Site ne peut \u00eatre faite qu\u2019avec l\u2019autorisation \u00e9crite et pr\u00e9alable de la Soci\u00e9t\u00e9.<\/p><\/div><\/div><div class=\"elementor-element elementor-element-0292d3b elementor-widget elementor-widget-spacer\" data-id=\"0292d3b\" data-element_type=\"widget\" data-widget_type=\"spacer.default\"><div class=\"elementor-widget-container\"><div class=\"elementor-spacer\"><div class=\"elementor-spacer-inner\">\u00a0<\/div><\/div><\/div><\/div><\/div><\/div><div class=\"elementor-element elementor-element-cdf29d7 e-flex e-con-boxed e-con e-parent\" data-id=\"cdf29d7\" data-element_type=\"container\" data-core-v316-plus=\"true\"><div class=\"e-con-inner\"><div class=\"elementor-element elementor-element-ab29ded elementor-widget elementor-widget-heading\" data-id=\"ab29ded\" data-element_type=\"widget\" data-widget_type=\"heading.default\"><div class=\"elementor-widget-container\"><h2 class=\"elementor-heading-title elementor-size-default\">Rubriques connexes<\/h2><\/div><\/div><div class=\"elementor-element elementor-element-d9c0237 elementor-widget elementor-widget-text-editor\" data-id=\"d9c0237\" data-element_type=\"widget\" data-widget_type=\"text-editor.default\"><div class=\"elementor-widget-container\"><p>Gestion et pr\u00e9f\u00e9rences des cookies avec Borlabs<\/p><\/div><\/div><\/div><\/div>\t\t\t\t\t\t\t\t<\/div>\n\t\t\t\t<\/div>\n\t\t\t\t\t<\/div>\n\t\t\t\t<\/div>\n\t\t\t\t<\/div>","protected":false},"excerpt":{"rendered":"<p>Informations l\u00e9gales \u00c9diteur Le site web soperfect.fr ci-apr\u00e8s d\u00e9sign\u00e9 comme \u00ab le Site \u00bb est \u00e9dit\u00e9 par la soci\u00e9t\u00e9 So Perfect ci-apr\u00e8s d\u00e9sign\u00e9e comme \u00ab la Soci\u00e9t\u00e9 \u00bb dont le si\u00e8ge est situ\u00e9 au\u00a051 boulevard de la Libert\u00e9 59000 LILLE RCS : Lille M\u00e9tropole B 809 507 122 \u00a0 Directeur de publication Directeur de la [&hellip;]<\/p>\n","protected":false},"author":1,"featured_media":0,"parent":0,"menu_order":0,"comment_status":"closed","ping_status":"closed","template":"","meta":{"_acf_changed":false,"_crdt_document":"","footnotes":""},"class_list":["post-828","page","type-page","status-publish","hentry"],"acf":[],"yoast_head":"<!-- This site is optimized with the Yoast SEO plugin v27.4 - https:\/\/yoast.com\/product\/yoast-seo-wordpress\/ -->\n<title>Mentions l\u00e9gales - So perfect - Perfect Model<\/title>\n<meta name=\"robots\" content=\"index, follow, max-snippet:-1, max-image-preview:large, max-video-preview:-1\" \/>\n<link rel=\"canonical\" href=\"https:\/\/soperfect.fr\/en\/mentions-legales\/\" \/>\n<meta property=\"og:locale\" content=\"en_GB\" \/>\n<meta property=\"og:type\" content=\"article\" \/>\n<meta property=\"og:title\" content=\"Mentions l\u00e9gales - So perfect - Perfect Model\" \/>\n<meta property=\"og:description\" content=\"Informations l\u00e9gales \u00c9diteur Le site web soperfect.fr ci-apr\u00e8s d\u00e9sign\u00e9 comme \u00ab le Site \u00bb est \u00e9dit\u00e9 par la soci\u00e9t\u00e9 So Perfect ci-apr\u00e8s d\u00e9sign\u00e9e comme \u00ab la Soci\u00e9t\u00e9 \u00bb dont le si\u00e8ge est situ\u00e9 au\u00a051 boulevard de la Libert\u00e9 59000 LILLE RCS : Lille M\u00e9tropole B 809 507 122 \u00a0 Directeur de publication Directeur de la [&hellip;]\" \/>\n<meta property=\"og:url\" content=\"https:\/\/soperfect.fr\/en\/mentions-legales\/\" \/>\n<meta property=\"og:site_name\" content=\"So perfect - Perfect Model\" \/>\n<meta property=\"article:modified_time\" content=\"2025-07-07T16:09:26+00:00\" \/>\n<meta name=\"twitter:card\" content=\"summary_large_image\" \/>\n<meta name=\"twitter:label1\" content=\"Estimated reading time\" \/>\n\t<meta name=\"twitter:data1\" content=\"7 minutes\" \/>\n<script type=\"application\/ld+json\" class=\"yoast-schema-graph\">{\"@context\":\"https:\\\/\\\/schema.org\",\"@graph\":[{\"@type\":\"WebPage\",\"@id\":\"https:\\\/\\\/soperfect.fr\\\/mentions-legales\\\/\",\"url\":\"https:\\\/\\\/soperfect.fr\\\/mentions-legales\\\/\",\"name\":\"Mentions l\u00e9gales - So perfect - Perfect Model\",\"isPartOf\":{\"@id\":\"https:\\\/\\\/soperfect.fr\\\/#website\"},\"datePublished\":\"2024-04-10T13:37:23+00:00\",\"dateModified\":\"2025-07-07T16:09:26+00:00\",\"breadcrumb\":{\"@id\":\"https:\\\/\\\/soperfect.fr\\\/mentions-legales\\\/#breadcrumb\"},\"inLanguage\":\"en-GB\",\"potentialAction\":[{\"@type\":\"ReadAction\",\"target\":[\"https:\\\/\\\/soperfect.fr\\\/mentions-legales\\\/\"]}]},{\"@type\":\"BreadcrumbList\",\"@id\":\"https:\\\/\\\/soperfect.fr\\\/mentions-legales\\\/#breadcrumb\",\"itemListElement\":[{\"@type\":\"ListItem\",\"position\":1,\"name\":\"Accueil\",\"item\":\"https:\\\/\\\/soperfect.fr\\\/\"},{\"@type\":\"ListItem\",\"position\":2,\"name\":\"Mentions l\u00e9gales\"}]},{\"@type\":\"WebSite\",\"@id\":\"https:\\\/\\\/soperfect.fr\\\/#website\",\"url\":\"https:\\\/\\\/soperfect.fr\\\/\",\"name\":\"So perfect - Perfect Model\",\"description\":\"\",\"publisher\":{\"@id\":\"https:\\\/\\\/soperfect.fr\\\/#organization\"},\"potentialAction\":[{\"@type\":\"SearchAction\",\"target\":{\"@type\":\"EntryPoint\",\"urlTemplate\":\"https:\\\/\\\/soperfect.fr\\\/?s={search_term_string}\"},\"query-input\":{\"@type\":\"PropertyValueSpecification\",\"valueRequired\":true,\"valueName\":\"search_term_string\"}}],\"inLanguage\":\"en-GB\"},{\"@type\":\"Organization\",\"@id\":\"https:\\\/\\\/soperfect.fr\\\/#organization\",\"name\":\"So perfect - Perfect Model\",\"url\":\"https:\\\/\\\/soperfect.fr\\\/\",\"logo\":{\"@type\":\"ImageObject\",\"inLanguage\":\"en-GB\",\"@id\":\"https:\\\/\\\/soperfect.fr\\\/#\\\/schema\\\/logo\\\/image\\\/\",\"url\":\"https:\\\/\\\/soperfect.fr\\\/wp-content\\\/uploads\\\/2024\\\/04\\\/logo.svg\",\"contentUrl\":\"https:\\\/\\\/soperfect.fr\\\/wp-content\\\/uploads\\\/2024\\\/04\\\/logo.svg\",\"width\":302,\"height\":73,\"caption\":\"So perfect - Perfect Model\"},\"image\":{\"@id\":\"https:\\\/\\\/soperfect.fr\\\/#\\\/schema\\\/logo\\\/image\\\/\"},\"sameAs\":[\"https:\\\/\\\/www.instagram.com\\\/perfectmodelofficiel\\\/\"]}]}<\/script>\n<!-- \/ Yoast SEO plugin. -->","yoast_head_json":{"title":"Mentions l\u00e9gales - So perfect - Perfect Model","robots":{"index":"index","follow":"follow","max-snippet":"max-snippet:-1","max-image-preview":"max-image-preview:large","max-video-preview":"max-video-preview:-1"},"canonical":"https:\/\/soperfect.fr\/en\/mentions-legales\/","og_locale":"en_GB","og_type":"article","og_title":"Mentions l\u00e9gales - So perfect - Perfect Model","og_description":"Informations l\u00e9gales \u00c9diteur Le site web soperfect.fr ci-apr\u00e8s d\u00e9sign\u00e9 comme \u00ab le Site \u00bb est \u00e9dit\u00e9 par la soci\u00e9t\u00e9 So Perfect ci-apr\u00e8s d\u00e9sign\u00e9e comme \u00ab la Soci\u00e9t\u00e9 \u00bb dont le si\u00e8ge est situ\u00e9 au\u00a051 boulevard de la Libert\u00e9 59000 LILLE RCS : Lille M\u00e9tropole B 809 507 122 \u00a0 Directeur de publication Directeur de la [&hellip;]","og_url":"https:\/\/soperfect.fr\/en\/mentions-legales\/","og_site_name":"So perfect - Perfect Model","article_modified_time":"2025-07-07T16:09:26+00:00","twitter_card":"summary_large_image","twitter_misc":{"Estimated reading time":"7 minutes"},"schema":{"@context":"https:\/\/schema.org","@graph":[{"@type":"WebPage","@id":"https:\/\/soperfect.fr\/mentions-legales\/","url":"https:\/\/soperfect.fr\/mentions-legales\/","name":"Mentions l\u00e9gales - So perfect - Perfect Model","isPartOf":{"@id":"https:\/\/soperfect.fr\/#website"},"datePublished":"2024-04-10T13:37:23+00:00","dateModified":"2025-07-07T16:09:26+00:00","breadcrumb":{"@id":"https:\/\/soperfect.fr\/mentions-legales\/#breadcrumb"},"inLanguage":"en-GB","potentialAction":[{"@type":"ReadAction","target":["https:\/\/soperfect.fr\/mentions-legales\/"]}]},{"@type":"BreadcrumbList","@id":"https:\/\/soperfect.fr\/mentions-legales\/#breadcrumb","itemListElement":[{"@type":"ListItem","position":1,"name":"Accueil","item":"https:\/\/soperfect.fr\/"},{"@type":"ListItem","position":2,"name":"Mentions l\u00e9gales"}]},{"@type":"WebSite","@id":"https:\/\/soperfect.fr\/#website","url":"https:\/\/soperfect.fr\/","name":"So perfect - Perfect Model","description":"","publisher":{"@id":"https:\/\/soperfect.fr\/#organization"},"potentialAction":[{"@type":"SearchAction","target":{"@type":"EntryPoint","urlTemplate":"https:\/\/soperfect.fr\/?s={search_term_string}"},"query-input":{"@type":"PropertyValueSpecification","valueRequired":true,"valueName":"search_term_string"}}],"inLanguage":"en-GB"},{"@type":"Organization","@id":"https:\/\/soperfect.fr\/#organization","name":"So perfect - Perfect Model","url":"https:\/\/soperfect.fr\/","logo":{"@type":"ImageObject","inLanguage":"en-GB","@id":"https:\/\/soperfect.fr\/#\/schema\/logo\/image\/","url":"https:\/\/soperfect.fr\/wp-content\/uploads\/2024\/04\/logo.svg","contentUrl":"https:\/\/soperfect.fr\/wp-content\/uploads\/2024\/04\/logo.svg","width":302,"height":73,"caption":"So perfect - Perfect Model"},"image":{"@id":"https:\/\/soperfect.fr\/#\/schema\/logo\/image\/"},"sameAs":["https:\/\/www.instagram.com\/perfectmodelofficiel\/"]}]}},"_links":{"self":[{"href":"https:\/\/soperfect.fr\/en\/wp-json\/wp\/v2\/pages\/828","targetHints":{"allow":["GET"]}}],"collection":[{"href":"https:\/\/soperfect.fr\/en\/wp-json\/wp\/v2\/pages"}],"about":[{"href":"https:\/\/soperfect.fr\/en\/wp-json\/wp\/v2\/types\/page"}],"author":[{"embeddable":true,"href":"https:\/\/soperfect.fr\/en\/wp-json\/wp\/v2\/users\/1"}],"replies":[{"embeddable":true,"href":"https:\/\/soperfect.fr\/en\/wp-json\/wp\/v2\/comments?post=828"}],"version-history":[{"count":22,"href":"https:\/\/soperfect.fr\/en\/wp-json\/wp\/v2\/pages\/828\/revisions"}],"predecessor-version":[{"id":1414,"href":"https:\/\/soperfect.fr\/en\/wp-json\/wp\/v2\/pages\/828\/revisions\/1414"}],"wp:attachment":[{"href":"https:\/\/soperfect.fr\/en\/wp-json\/wp\/v2\/media?parent=828"}],"curies":[{"name":"wp","href":"https:\/\/api.w.org\/{rel}","templated":true}]}}