{"id":882,"date":"2024-04-10T15:18:03","date_gmt":"2024-04-10T15:18:03","guid":{"rendered":"https:\/\/soperfect.fr\/?page_id=882"},"modified":"2024-06-06T08:11:29","modified_gmt":"2024-06-06T08:11:29","slug":"candidater","status":"publish","type":"page","link":"https:\/\/soperfect.fr\/en\/candidater\/","title":{"rendered":"Candidacy"},"content":{"rendered":"<div data-elementor-type=\"wp-page\" data-elementor-id=\"882\" class=\"elementor elementor-882\">\n\t\t\t\t<div class=\"elementor-element elementor-element-6138d8b e-flex e-con-boxed e-con e-parent\" data-id=\"6138d8b\" data-element_type=\"container\" data-e-type=\"container\" data-settings=\"{&quot;background_background&quot;:&quot;classic&quot;}\">\n\t\t\t\t\t<div class=\"e-con-inner\">\n\t\t<div class=\"elementor-element elementor-element-95977ac e-con-full e-flex e-con e-child\" data-id=\"95977ac\" data-element_type=\"container\" data-e-type=\"container\">\n\t\t\t\t<div class=\"elementor-element elementor-element-5be5e69 text-min elementor-widget elementor-widget-text-editor\" data-id=\"5be5e69\" data-element_type=\"widget\" data-e-type=\"widget\" data-widget_type=\"text-editor.default\">\n\t\t\t\t<div class=\"elementor-widget-container\">\n\t\t\t\t\t\t\t\t\t<div id=\"1712762387.058849\" class=\"c-virtual_list__item\" tabindex=\"-1\" role=\"listitem\" aria-setsize=\"-1\" data-qa=\"virtual-list-item\" data-item-key=\"1712762387.058849\"><div class=\"c-message_kit__background c-message_kit__background--hovered p-message_pane_message__message c-message_kit__message\" role=\"presentation\" data-qa=\"message_container\" data-qa-unprocessed=\"false\" data-qa-placeholder=\"false\"><div class=\"c-message_kit__hover c-message_kit__hover--hovered\" role=\"document\" aria-roledescription=\"message\" data-qa-hover=\"true\"><div class=\"c-message_kit__actions c-message_kit__actions--default\"><div class=\"c-message_kit__gutter\"><div class=\"c-message_kit__gutter__right\" role=\"presentation\" data-qa=\"message_content\"><div class=\"c-message_kit__blocks c-message_kit__blocks--rich_text\"><div class=\"c-message__message_blocks c-message__message_blocks--rich_text\" data-qa=\"message-text\"><div class=\"p-block_kit_renderer\" data-qa=\"block-kit-renderer\"><div class=\"p-block_kit_renderer__block_wrapper p-block_kit_renderer__block_wrapper--first\"><div class=\"p-rich_text_block\" dir=\"auto\"><div class=\"p-rich_text_section\">So Perfect is constantly on the look out for new profiles for our clients. If you are dynamic and have a flexible schedule, join our team as a So Perfect host. Just complete the form below.<\/div><div>\u00a0<\/div><\/div><\/div><\/div><\/div><\/div><\/div><\/div><\/div><\/div><\/div><\/div><div id=\"1712762394.138089\" class=\"c-virtual_list__item\" tabindex=\"0\" role=\"listitem\" aria-setsize=\"-1\" data-qa=\"virtual-list-item\" data-item-key=\"1712762394.138089\"><div class=\"c-message_kit__background p-message_pane_message__message c-message_kit__message p-message_pane_message__message--last\" role=\"presentation\" data-qa=\"message_container\" data-qa-unprocessed=\"false\" data-qa-placeholder=\"false\"><div class=\"c-message_kit__hover\" role=\"document\" aria-roledescription=\"message\" data-qa-hover=\"true\"><div class=\"c-message_kit__actions c-message_kit__actions--above\"><div class=\"c-message_kit__gutter\"><div class=\"c-message_kit__gutter__right\" role=\"presentation\" data-qa=\"message_content\"><div class=\"c-message_kit__blocks c-message_kit__blocks--rich_text\"><div class=\"c-message__message_blocks c-message__message_blocks--rich_text\" data-qa=\"message-text\"><div class=\"p-block_kit_renderer\" data-qa=\"block-kit-renderer\"><div class=\"p-block_kit_renderer__block_wrapper p-block_kit_renderer__block_wrapper--first\"><div class=\"p-rich_text_block\" dir=\"auto\"><div class=\"p-rich_text_section\">Our SO Perfect hosts greet, guide and inform visitors at our clients\u2019 major events such as trade shows, product launches, sporting events, fashion shows, inaugurations, launches, concerts and conferences.<\/div><div>\u00a0<\/div><div class=\"p-rich_text_section\">As well as providing an outstanding welcome to guests, you also manage the cloakroom, guide VIPs, and check invitations.<br \/>You will receive training and be supervised by our teams to ensure you are effective and satisfy our clients\u2019 high standards.<\/div><\/div><\/div><\/div><\/div><\/div><\/div><\/div><\/div><\/div><\/div><\/div>\t\t\t\t\t\t\t\t<\/div>\n\t\t\t\t<\/div>\n\t\t\t\t<div class=\"elementor-element elementor-element-fd1e8bc elementor-align-center elementor-widget elementor-widget-button\" data-id=\"fd1e8bc\" data-element_type=\"widget\" data-e-type=\"widget\" data-widget_type=\"button.default\">\n\t\t\t\t<div class=\"elementor-widget-container\">\n\t\t\t\t\t\t\t\t\t<div class=\"elementor-button-wrapper\">\n\t\t\t\t\t<a class=\"elementor-button elementor-button-link elementor-size-sm\" href=\"#dynamic-link\">\n\t\t\t\t\t\t<span class=\"elementor-button-content-wrapper\">\n\t\t\t\t\t\t\t\t\t<span class=\"elementor-button-text\">APPLY<\/span>\n\t\t\t\t\t<\/span>\n\t\t\t\t\t<\/a>\n\t\t\t\t<\/div>\n\t\t\t\t\t\t\t\t<\/div>\n\t\t\t\t<\/div>\n\t\t\t\t<\/div>\n\t\t<div class=\"elementor-element elementor-element-81ac57a e-con-full e-flex e-con e-child\" data-id=\"81ac57a\" data-element_type=\"container\" data-e-type=\"container\" data-settings=\"{&quot;background_background&quot;:&quot;classic&quot;}\">\n\t\t\t\t<div class=\"elementor-element elementor-element-4791d02 elementor-widget elementor-widget-heading\" data-id=\"4791d02\" data-element_type=\"widget\" data-e-type=\"widget\" data-widget_type=\"heading.default\">\n\t\t\t\t<div class=\"elementor-widget-container\">\n\t\t\t\t\t<h2 class=\"elementor-heading-title elementor-size-default\">Candidacy<\/h2>\t\t\t\t<\/div>\n\t\t\t\t<\/div>\n\t\t\t\t<\/div>\n\t\t\t\t\t<\/div>\n\t\t\t\t<\/div>\n\t\t\t\t<\/div>","protected":false},"excerpt":{"rendered":"<p>So Perfect est constamment \u00e0 la recherche de nouveaux profils pour ses clients. Vous pr\u00e9sentez un profil dynamique et vous \u00eates dot\u00e9 d\u2019un emploi du temps flexible, rejoignez notre \u00e9quipe en tant qu\u2019h\u00f4tes-ses So Perfect, en remplissant le formulaire ci-dessous.\u00a0En tant qu\u2019h\u00f4tes-sses SO PERFECT, vous \u00eates en charge de l\u2019accueil, de l\u2019orientation et de l\u2019information [&hellip;]<\/p>\n","protected":false},"author":1,"featured_media":0,"parent":0,"menu_order":0,"comment_status":"closed","ping_status":"closed","template":"","meta":{"_acf_changed":false,"_crdt_document":"","footnotes":""},"class_list":["post-882","page","type-page","status-publish","hentry"],"acf":[],"yoast_head":"<!-- This site is optimized with the Yoast SEO plugin v27.1.1 - https:\/\/yoast.com\/product\/yoast-seo-wordpress\/ -->\n<title>Candidater - So perfect - Perfect Model<\/title>\n<meta name=\"robots\" content=\"index, follow, max-snippet:-1, max-image-preview:large, max-video-preview:-1\" \/>\n<link rel=\"canonical\" href=\"https:\/\/soperfect.fr\/en\/candidater\/\" \/>\n<meta property=\"og:locale\" content=\"en_GB\" \/>\n<meta property=\"og:type\" content=\"article\" \/>\n<meta property=\"og:title\" content=\"Candidater - So perfect - Perfect Model\" \/>\n<meta property=\"og:description\" content=\"So Perfect est constamment \u00e0 la recherche de nouveaux profils pour ses clients. Vous pr\u00e9sentez un profil dynamique et vous \u00eates dot\u00e9 d\u2019un emploi du temps flexible, rejoignez notre \u00e9quipe en tant qu\u2019h\u00f4tes-ses So Perfect, en remplissant le formulaire ci-dessous.\u00a0En tant qu\u2019h\u00f4tes-sses SO PERFECT, vous \u00eates en charge de l\u2019accueil, de l\u2019orientation et de l\u2019information [&hellip;]\" \/>\n<meta property=\"og:url\" content=\"https:\/\/soperfect.fr\/en\/candidater\/\" \/>\n<meta property=\"og:site_name\" content=\"So perfect - Perfect Model\" \/>\n<meta property=\"article:modified_time\" content=\"2024-06-06T08:11:29+00:00\" \/>\n<meta name=\"twitter:card\" content=\"summary_large_image\" \/>\n<meta name=\"twitter:label1\" content=\"Estimated reading time\" \/>\n\t<meta name=\"twitter:data1\" content=\"1 minute\" \/>\n<script type=\"application\/ld+json\" class=\"yoast-schema-graph\">{\"@context\":\"https:\/\/schema.org\",\"@graph\":[{\"@type\":\"WebPage\",\"@id\":\"https:\/\/soperfect.fr\/candidater\/\",\"url\":\"https:\/\/soperfect.fr\/candidater\/\",\"name\":\"Candidater - So perfect - Perfect Model\",\"isPartOf\":{\"@id\":\"https:\/\/soperfect.fr\/#website\"},\"datePublished\":\"2024-04-10T15:18:03+00:00\",\"dateModified\":\"2024-06-06T08:11:29+00:00\",\"breadcrumb\":{\"@id\":\"https:\/\/soperfect.fr\/candidater\/#breadcrumb\"},\"inLanguage\":\"en-GB\",\"potentialAction\":[{\"@type\":\"ReadAction\",\"target\":[\"https:\/\/soperfect.fr\/candidater\/\"]}]},{\"@type\":\"BreadcrumbList\",\"@id\":\"https:\/\/soperfect.fr\/candidater\/#breadcrumb\",\"itemListElement\":[{\"@type\":\"ListItem\",\"position\":1,\"name\":\"Accueil\",\"item\":\"https:\/\/soperfect.fr\/\"},{\"@type\":\"ListItem\",\"position\":2,\"name\":\"Candidater\"}]},{\"@type\":\"WebSite\",\"@id\":\"https:\/\/soperfect.fr\/#website\",\"url\":\"https:\/\/soperfect.fr\/\",\"name\":\"So perfect - Perfect Model\",\"description\":\"\",\"publisher\":{\"@id\":\"https:\/\/soperfect.fr\/#organization\"},\"potentialAction\":[{\"@type\":\"SearchAction\",\"target\":{\"@type\":\"EntryPoint\",\"urlTemplate\":\"https:\/\/soperfect.fr\/?s={search_term_string}\"},\"query-input\":{\"@type\":\"PropertyValueSpecification\",\"valueRequired\":true,\"valueName\":\"search_term_string\"}}],\"inLanguage\":\"en-GB\"},{\"@type\":\"Organization\",\"@id\":\"https:\/\/soperfect.fr\/#organization\",\"name\":\"So perfect - Perfect Model\",\"url\":\"https:\/\/soperfect.fr\/\",\"logo\":{\"@type\":\"ImageObject\",\"inLanguage\":\"en-GB\",\"@id\":\"https:\/\/soperfect.fr\/#\/schema\/logo\/image\/\",\"url\":\"https:\/\/soperfect.fr\/wp-content\/uploads\/2024\/04\/logo.svg\",\"contentUrl\":\"https:\/\/soperfect.fr\/wp-content\/uploads\/2024\/04\/logo.svg\",\"width\":302,\"height\":73,\"caption\":\"So perfect - Perfect Model\"},\"image\":{\"@id\":\"https:\/\/soperfect.fr\/#\/schema\/logo\/image\/\"},\"sameAs\":[\"https:\/\/www.instagram.com\/perfectmodelofficiel\/\"]}]}<\/script>\n<!-- \/ Yoast SEO plugin. -->","yoast_head_json":{"title":"Candidater - So perfect - Perfect Model","robots":{"index":"index","follow":"follow","max-snippet":"max-snippet:-1","max-image-preview":"max-image-preview:large","max-video-preview":"max-video-preview:-1"},"canonical":"https:\/\/soperfect.fr\/en\/candidater\/","og_locale":"en_GB","og_type":"article","og_title":"Candidater - So perfect - Perfect Model","og_description":"So Perfect est constamment \u00e0 la recherche de nouveaux profils pour ses clients. Vous pr\u00e9sentez un profil dynamique et vous \u00eates dot\u00e9 d\u2019un emploi du temps flexible, rejoignez notre \u00e9quipe en tant qu\u2019h\u00f4tes-ses So Perfect, en remplissant le formulaire ci-dessous.\u00a0En tant qu\u2019h\u00f4tes-sses SO PERFECT, vous \u00eates en charge de l\u2019accueil, de l\u2019orientation et de l\u2019information [&hellip;]","og_url":"https:\/\/soperfect.fr\/en\/candidater\/","og_site_name":"So perfect - Perfect Model","article_modified_time":"2024-06-06T08:11:29+00:00","twitter_card":"summary_large_image","twitter_misc":{"Estimated reading time":"1 minute"},"schema":{"@context":"https:\/\/schema.org","@graph":[{"@type":"WebPage","@id":"https:\/\/soperfect.fr\/candidater\/","url":"https:\/\/soperfect.fr\/candidater\/","name":"Candidater - So perfect - Perfect Model","isPartOf":{"@id":"https:\/\/soperfect.fr\/#website"},"datePublished":"2024-04-10T15:18:03+00:00","dateModified":"2024-06-06T08:11:29+00:00","breadcrumb":{"@id":"https:\/\/soperfect.fr\/candidater\/#breadcrumb"},"inLanguage":"en-GB","potentialAction":[{"@type":"ReadAction","target":["https:\/\/soperfect.fr\/candidater\/"]}]},{"@type":"BreadcrumbList","@id":"https:\/\/soperfect.fr\/candidater\/#breadcrumb","itemListElement":[{"@type":"ListItem","position":1,"name":"Accueil","item":"https:\/\/soperfect.fr\/"},{"@type":"ListItem","position":2,"name":"Candidater"}]},{"@type":"WebSite","@id":"https:\/\/soperfect.fr\/#website","url":"https:\/\/soperfect.fr\/","name":"So perfect - Perfect Model","description":"","publisher":{"@id":"https:\/\/soperfect.fr\/#organization"},"potentialAction":[{"@type":"SearchAction","target":{"@type":"EntryPoint","urlTemplate":"https:\/\/soperfect.fr\/?s={search_term_string}"},"query-input":{"@type":"PropertyValueSpecification","valueRequired":true,"valueName":"search_term_string"}}],"inLanguage":"en-GB"},{"@type":"Organization","@id":"https:\/\/soperfect.fr\/#organization","name":"So perfect - Perfect Model","url":"https:\/\/soperfect.fr\/","logo":{"@type":"ImageObject","inLanguage":"en-GB","@id":"https:\/\/soperfect.fr\/#\/schema\/logo\/image\/","url":"https:\/\/soperfect.fr\/wp-content\/uploads\/2024\/04\/logo.svg","contentUrl":"https:\/\/soperfect.fr\/wp-content\/uploads\/2024\/04\/logo.svg","width":302,"height":73,"caption":"So perfect - Perfect Model"},"image":{"@id":"https:\/\/soperfect.fr\/#\/schema\/logo\/image\/"},"sameAs":["https:\/\/www.instagram.com\/perfectmodelofficiel\/"]}]}},"_links":{"self":[{"href":"https:\/\/soperfect.fr\/en\/wp-json\/wp\/v2\/pages\/882","targetHints":{"allow":["GET"]}}],"collection":[{"href":"https:\/\/soperfect.fr\/en\/wp-json\/wp\/v2\/pages"}],"about":[{"href":"https:\/\/soperfect.fr\/en\/wp-json\/wp\/v2\/types\/page"}],"author":[{"embeddable":true,"href":"https:\/\/soperfect.fr\/en\/wp-json\/wp\/v2\/users\/1"}],"replies":[{"embeddable":true,"href":"https:\/\/soperfect.fr\/en\/wp-json\/wp\/v2\/comments?post=882"}],"version-history":[{"count":40,"href":"https:\/\/soperfect.fr\/en\/wp-json\/wp\/v2\/pages\/882\/revisions"}],"predecessor-version":[{"id":1095,"href":"https:\/\/soperfect.fr\/en\/wp-json\/wp\/v2\/pages\/882\/revisions\/1095"}],"wp:attachment":[{"href":"https:\/\/soperfect.fr\/en\/wp-json\/wp\/v2\/media?parent=882"}],"curies":[{"name":"wp","href":"https:\/\/api.w.org\/{rel}","templated":true}]}}